{"id":108,"date":"2012-04-18T12:25:59","date_gmt":"2012-04-18T12:25:59","guid":{"rendered":"http:\/\/www.jehan.ch\/treehouse\/?page_id=108"},"modified":"2020-05-25T12:36:16","modified_gmt":"2020-05-25T10:36:16","slug":"appartement","status":"publish","type":"page","link":"https:\/\/www.jehan.ch\/treehouse\/appartement\/","title":{"rendered":"Appartement"},"content":{"rendered":"<p><span class=\"text-orange\"><em>Occup\u00e9 pour une dur\u00e9e ind\u00e9termin\u00e9e<\/p>\n<h1><span style=\"color: #99cc00;\"><strong><\/strong><\/span><\/h1>\n<h2>Description :<\/h2>\n<p><em>Magnifique appartement de 2.5 pi\u00e8ces (77 m2 habitable) de standing situ\u00e9 au rez-de-chauss\u00e9e d&rsquo;une villa d&rsquo;architecte au bord du lac, exposition sud-est :<\/em><\/p>\n<ul>\n<img loading=\"lazy\" decoding=\"async\" src=\"https:\/\/www.jehan.ch\/treehouse\/wp-content\/themes\/welcome_inn\/images\/icons\/icon_x.png\" width=\"23\" height=\"20\" alt=\"check\" \/>grande chambre \u00e0 coucher avec lit double et salle de bain avec douche, baignoire et WC, acc\u00e8s terrasse<br \/>\n<img loading=\"lazy\" decoding=\"async\" src=\"https:\/\/www.jehan.ch\/treehouse\/wp-content\/themes\/welcome_inn\/images\/icons\/icon_x.png\" width=\"23\" height=\"20\" alt=\"check\" \/>sauna avec douche et WC<br \/>\n<img loading=\"lazy\" decoding=\"async\" src=\"https:\/\/www.jehan.ch\/treehouse\/wp-content\/themes\/welcome_inn\/images\/icons\/icon_x.png\" width=\"23\" height=\"20\" alt=\"check\" \/>grande cuisine agenc\u00e9e ouverte sur salle \u00e0 manger et salon avec chemin\u00e9e, acc\u00e8s terrasse<br \/>\n<img loading=\"lazy\" decoding=\"async\" src=\"https:\/\/www.jehan.ch\/treehouse\/wp-content\/themes\/welcome_inn\/images\/icons\/icon_x.png\" width=\"23\" height=\"20\" alt=\"check\" \/>terrasse partiellement couverte, jardin, BBQ\n<\/ul>\n<div class=\"nivo_border\" style=\"width:670px;height:350px;\">\n<div id=\"1128838448\" class=\"nivoslide\" style=\"width:670px;height:350px; visibility: hidden\"><img loading=\"lazy\" decoding=\"async\" src=\"http:\/\/www.jehan.ch\/treehouse\/wp-content\/uploads\/2012\/04\/slide_appart1.png\"  height=\"350\"  width=\"670\"  alt=\"Appartement\"  \/><img loading=\"lazy\" decoding=\"async\" src=\"http:\/\/www.jehan.ch\/treehouse\/wp-content\/uploads\/2012\/04\/slide_appart2.png\"  height=\"350\"  width=\"670\"  alt=\"Appartement\"  \/><img loading=\"lazy\" decoding=\"async\" src=\"http:\/\/www.jehan.ch\/treehouse\/wp-content\/uploads\/2012\/04\/slide_appart3.png\"  height=\"350\"  width=\"670\"  alt=\"Appartement\"  \/><img loading=\"lazy\" decoding=\"async\" src=\"http:\/\/www.jehan.ch\/treehouse\/wp-content\/uploads\/2012\/05\/salon.png\"  height=\"350\"  width=\"670\"  alt=\"Appartement\"  \/><img loading=\"lazy\" decoding=\"async\" src=\"http:\/\/www.jehan.ch\/treehouse\/wp-content\/uploads\/2012\/05\/App-Terr_Snow.png\"  height=\"350\"  width=\"670\"  alt=\"Appartement\"  \/><img loading=\"lazy\" decoding=\"async\" src=\"http:\/\/www.jehan.ch\/treehouse\/wp-content\/uploads\/2012\/04\/slide_appart5.png\"  height=\"350\"  width=\"670\"  alt=\"Appartement\"  \/><img loading=\"lazy\" decoding=\"async\" src=\"http:\/\/www.jehan.ch\/treehouse\/wp-content\/uploads\/2012\/04\/slide_appart6.png\"  height=\"350\"  width=\"670\"  alt=\"Appartement\"  \/><img loading=\"lazy\" decoding=\"async\" src=\"http:\/\/www.jehan.ch\/treehouse\/wp-content\/uploads\/2012\/05\/sauna.PNG\"  height=\"350\"  width=\"670\"  alt=\"Appartement\"  \/><\/div>\n<\/div>\n<p><br class=\"clear\"\/><script>jQuery(window).load(function() { jQuery('#1128838448').nivoSlider({ pauseTime: 3000, pauseOnHover: true, effect: 'sliceDown', controlNav: true, captionOpacity: 1, directionNavHide: false, controlNavThumbs: true, controlNavThumbsFromRel:false, afterLoad: function(){ \n\t\tjQuery('#1128838448').css('visibility', 'visible');\n\t} }); });<\/script><br \/>\n<\/p>\n<h2>A dispositions :<\/h2>\n<p><img decoding=\"async\" src=\"http:\/\/www.jehan.ch\/treehouse\/wp-content\/uploads\/2012\/06\/Bateau_cote.png\" alt=\"\"  class=\"frame_right\" \/><\/p>\n<ul>\n<img loading=\"lazy\" decoding=\"async\" src=\"https:\/\/www.jehan.ch\/treehouse\/wp-content\/themes\/welcome_inn\/images\/icons\/icon_x.png\" width=\"23\" height=\"20\" alt=\"check\" \/>bois de chemin\u00e9e<br \/>\n<img loading=\"lazy\" decoding=\"async\" src=\"https:\/\/www.jehan.ch\/treehouse\/wp-content\/themes\/welcome_inn\/images\/icons\/icon_x.png\" width=\"23\" height=\"20\" alt=\"check\" \/>TV\/lecteur DVD\/Blue Ray \u00a6 cha\u00eene Hi-Fi \u00a6 connexion Internet<br \/>\n<img loading=\"lazy\" decoding=\"async\" src=\"https:\/\/www.jehan.ch\/treehouse\/wp-content\/themes\/welcome_inn\/images\/icons\/icon_x.png\" width=\"23\" height=\"20\" alt=\"check\" \/>local pour skis\/v\u00e9los, 2 VTT, raquettes \u00e0 neige<br \/>\n<img loading=\"lazy\" decoding=\"async\" src=\"https:\/\/www.jehan.ch\/treehouse\/wp-content\/themes\/welcome_inn\/images\/icons\/icon_x.png\" width=\"23\" height=\"20\" alt=\"check\" \/>barque \u00e0 moteur (pas de permis requis) &#8212;&gt;<br \/>\n<img loading=\"lazy\" decoding=\"async\" src=\"https:\/\/www.jehan.ch\/treehouse\/wp-content\/themes\/welcome_inn\/images\/icons\/icon_x.png\" width=\"23\" height=\"20\" alt=\"check\" \/>possibilit\u00e9 de lave-linge et s\u00e8che-linge dans la maison<br \/>\n<img loading=\"lazy\" decoding=\"async\" src=\"https:\/\/www.jehan.ch\/treehouse\/wp-content\/themes\/welcome_inn\/images\/icons\/icon_x.png\" width=\"23\" height=\"20\" alt=\"check\" \/>place de parc\n<\/ul>\n<ul>\n<img loading=\"lazy\" decoding=\"async\" src=\"https:\/\/www.jehan.ch\/treehouse\/wp-content\/themes\/welcome_inn\/images\/icons\/icon_x.png\" width=\"23\" height=\"20\" alt=\"check\" \/>arr\u00eat de train \u00e0 300 m<br \/>\n<img loading=\"lazy\" decoding=\"async\" src=\"https:\/\/www.jehan.ch\/treehouse\/wp-content\/themes\/welcome_inn\/images\/icons\/icon_x.png\" width=\"23\" height=\"20\" alt=\"check\" \/>restaurant \u00e0 300 m<br \/>\n<img loading=\"lazy\" decoding=\"async\" src=\"https:\/\/www.jehan.ch\/treehouse\/wp-content\/themes\/welcome_inn\/images\/icons\/icon_x.png\" width=\"23\" height=\"20\" alt=\"check\" \/>centre nautique \u00e0 1.2 km<br \/>\n<img loading=\"lazy\" decoding=\"async\" src=\"https:\/\/www.jehan.ch\/treehouse\/wp-content\/themes\/welcome_inn\/images\/icons\/icon_x.png\" width=\"23\" height=\"20\" alt=\"check\" \/>commerces, centre sportif et cin\u00e9ma \u00e0 3 km<br \/>\n<img loading=\"lazy\" decoding=\"async\" src=\"https:\/\/www.jehan.ch\/treehouse\/wp-content\/themes\/welcome_inn\/images\/icons\/icon_x.png\" width=\"23\" height=\"20\" alt=\"check\" \/>2 golfs (18 trous) \u00e0 22 km\n<\/ul>\n<p>&nbsp;<\/p>\n<h2>Tarifs :<\/h2>\n<p><span class=\"text-orange\"><em>Occup\u00e9 pour une dur\u00e9e ind\u00e9termin\u00e9e<\/em><\/p>\n<div class=\"table_\">\n<table class=\"table-price\" width=\"100%\" border=\"0\" cellspacing=\"0\" cellpadding=\"0\">\n<thead>\n<tr>\n<td class=\"first\" width=\"150\"><em><span class=\"text-gray\">SEJOUR<br \/>\n<\/span><\/em><\/td>\n<td width=\"140\"><span class=\"text-green\"><em>LOYER<\/em><br \/>\n<\/span><\/td>\n<td class=\"last\" width=\"140\"><em><span class=\"text-yellow\">NETTOYAGE<br \/>\n<\/span><\/em><\/td>\n<\/tr>\n<\/thead>\n<tbody>\n<tr>\n<td>Semaine (7j\/7n)<\/td>\n<td>990 CHF<\/td>\n<td>200 CHF<\/td>\n<\/tr>\n<tr class=\"odd\">\n<td>Longue dur\u00e9e*<\/td>\n<td>\u00e0 convenir<\/td>\n<td>\u00e0 convenir<\/td>\n<\/tr>\n<\/tbody>\n<\/table>\n<\/div>\n<p><em>* au mois ou \u00e0 l&rsquo;ann\u00e9e<\/em><\/p>\n","protected":false},"excerpt":{"rendered":"<p>Occup\u00e9 pour une dur\u00e9e ind\u00e9termin\u00e9e<\/p>\n<p>Description :<br \/>\nMagnifique appartement de 2.5 pi\u00e8ces (77 m2 habitable) de standing situ\u00e9 au rez-de-chauss\u00e9e d&rsquo;une villa d&rsquo;architecte au bord du lac, &#8230;<\/p>\n","protected":false},"author":1,"featured_media":0,"parent":0,"menu_order":0,"comment_status":"closed","ping_status":"open","template":"","meta":{"footnotes":""},"class_list":["post-108","page","type-page","status-publish","hentry"],"_links":{"self":[{"href":"https:\/\/www.jehan.ch\/treehouse\/wp-json\/wp\/v2\/pages\/108","targetHints":{"allow":["GET"]}}],"collection":[{"href":"https:\/\/www.jehan.ch\/treehouse\/wp-json\/wp\/v2\/pages"}],"about":[{"href":"https:\/\/www.jehan.ch\/treehouse\/wp-json\/wp\/v2\/types\/page"}],"author":[{"embeddable":true,"href":"https:\/\/www.jehan.ch\/treehouse\/wp-json\/wp\/v2\/users\/1"}],"replies":[{"embeddable":true,"href":"https:\/\/www.jehan.ch\/treehouse\/wp-json\/wp\/v2\/comments?post=108"}],"version-history":[{"count":95,"href":"https:\/\/www.jehan.ch\/treehouse\/wp-json\/wp\/v2\/pages\/108\/revisions"}],"predecessor-version":[{"id":459,"href":"https:\/\/www.jehan.ch\/treehouse\/wp-json\/wp\/v2\/pages\/108\/revisions\/459"}],"wp:attachment":[{"href":"https:\/\/www.jehan.ch\/treehouse\/wp-json\/wp\/v2\/media?parent=108"}],"curies":[{"name":"wp","href":"https:\/\/api.w.org\/{rel}","templated":true}]}}