{"id":383,"date":"2012-10-05T21:25:13","date_gmt":"2012-10-05T19:25:13","guid":{"rendered":"http:\/\/www.jehan.ch\/treehouse\/?page_id=383"},"modified":"2020-05-25T12:35:33","modified_gmt":"2020-05-25T10:35:33","slug":"tarifs","status":"publish","type":"page","link":"https:\/\/www.jehan.ch\/treehouse\/tarifs\/","title":{"rendered":"Tarifs"},"content":{"rendered":"<h2>B&#038;B (2 nuits minimum, 5 durant les vacances scolaires) :<\/h2>\n<p><span class=\"text-orange\"><em>Occup\u00e9 pour une dur\u00e9e ind\u00e9termin\u00e9e<\/em><\/p>\n<div class=\"table_\">\n<table class=\"table-price\" width=\"100%\" border=\"0\" cellspacing=\"0\" cellpadding=\"0\">\n<thead>\n<tr>\n<td class=\"first\" width=\"150\"><em><span class=\"text-gray\">OCCUPATION<br \/>\n<\/span><\/em><\/td>\n<td width=\"140\"><span class=\"text-green\"><em>AVEC PETIT-D\u00c9JEUNER<\/em><br \/>\n<\/span><\/td>\n<td class=\"last\" width=\"140\"><em><span class=\"text-yellow\">SANS PETIT-D\u00c9JEUNER<br \/>\n<\/span><\/td>\n<\/tr>\n<\/thead>\n<tbody>\n<tr class=\"odd\">\n<td>1 personne<\/td>\n<td>170 CHF \/ nuit<\/td>\n<td>150 CHF \/ nuit<\/td>\n<\/tr>\n<tr>\n<td>2 personnes<\/td>\n<td>200 CHF \/ nuit<\/td>\n<td>170 CHF \/ nuit<\/td>\n<\/tr>\n<tr class=\"odd\">\n<td>Longue dur\u00e9e <\/td>\n<td>\u00e0 convenir<\/td>\n<td>\u00e0 convenir<\/td>\n<\/tr>\n<\/tbody>\n<\/table>\n<\/div>\n<p><\/br><\/p>\n<h2>Appartement :<\/h2>\n<p><span class=\"text-orange\"><em>Occup\u00e9 pour une dur\u00e9e ind\u00e9termin\u00e9e<\/em><\/p>\n<div class=\"table_\">\n<table class=\"table-price\" width=\"100%\" border=\"0\" cellspacing=\"0\" cellpadding=\"0\">\n<thead>\n<tr>\n<td class=\"first\" width=\"150\"><em><span class=\"text-gray\">SEJOUR<br \/>\n<\/span><\/em><\/td>\n<td width=\"140\"><span class=\"text-green\"><em>LOYER<\/em><br \/>\n<\/span><\/td>\n<td class=\"last\" width=\"140\"><em><span class=\"text-yellow\">NETTOYAGE<br \/>\n<\/span><\/td>\n<\/tr>\n<\/thead>\n<tbody>\n<tr class=\"odd\">\n<td>Semaine (7j\/7n)<\/td>\n<td>990 CHF<\/td>\n<td>200 CHF<\/td>\n<\/tr>\n<tr>\n<td>Longue dur\u00e9e*<\/td>\n<td>\u00e0 convenir<\/td>\n<td>\u00e0 convenir<\/td>\n<\/tr>\n<\/tbody>\n<\/table>\n<\/div>\n<p><em>* au mois ou \u00e0 l&rsquo;ann\u00e9e<\/em><\/p>\n","protected":false},"excerpt":{"rendered":"<p>B&#038;B (2 nuits minimum, 5 durant les vacances scolaires) :<br \/>\nOccup\u00e9 pour une dur\u00e9e ind\u00e9termin\u00e9e<\/p>\n<p>Appartement :<br \/>\nOccup\u00e9 pour une dur\u00e9e ind\u00e9termin\u00e9e<br \/>\n* au mois ou \u00e0 l&rsquo;ann\u00e9e<\/p>\n","protected":false},"author":2,"featured_media":0,"parent":0,"menu_order":0,"comment_status":"closed","ping_status":"open","template":"","meta":{"footnotes":""},"class_list":["post-383","page","type-page","status-publish","hentry"],"_links":{"self":[{"href":"https:\/\/www.jehan.ch\/treehouse\/wp-json\/wp\/v2\/pages\/383","targetHints":{"allow":["GET"]}}],"collection":[{"href":"https:\/\/www.jehan.ch\/treehouse\/wp-json\/wp\/v2\/pages"}],"about":[{"href":"https:\/\/www.jehan.ch\/treehouse\/wp-json\/wp\/v2\/types\/page"}],"author":[{"embeddable":true,"href":"https:\/\/www.jehan.ch\/treehouse\/wp-json\/wp\/v2\/users\/2"}],"replies":[{"embeddable":true,"href":"https:\/\/www.jehan.ch\/treehouse\/wp-json\/wp\/v2\/comments?post=383"}],"version-history":[{"count":27,"href":"https:\/\/www.jehan.ch\/treehouse\/wp-json\/wp\/v2\/pages\/383\/revisions"}],"predecessor-version":[{"id":458,"href":"https:\/\/www.jehan.ch\/treehouse\/wp-json\/wp\/v2\/pages\/383\/revisions\/458"}],"wp:attachment":[{"href":"https:\/\/www.jehan.ch\/treehouse\/wp-json\/wp\/v2\/media?parent=383"}],"curies":[{"name":"wp","href":"https:\/\/api.w.org\/{rel}","templated":true}]}}