{"id":99,"date":"2012-04-18T12:21:27","date_gmt":"2012-04-18T12:21:27","guid":{"rendered":"http:\/\/www.jehan.ch\/treehouse\/?page_id=99"},"modified":"2020-05-25T12:32:06","modified_gmt":"2020-05-25T10:32:06","slug":"bb","status":"publish","type":"page","link":"https:\/\/www.jehan.ch\/treehouse\/bb\/","title":{"rendered":"B&#038;B"},"content":{"rendered":"<p><span class=\"text-orange\"><em>Occup\u00e9 pour une dur\u00e9e ind\u00e9termin\u00e9e<\/p>\n<h1><span style=\"color: #99cc00;\"><strong><\/strong><\/span><\/h1>\n<h2>Description :<\/h2>\n<p><em>Magnifique chambre avec Jacuzzi et salle-de-bain ouverte situ\u00e9 au rez-de-chauss\u00e9e d&rsquo;une villa d&rsquo;architecte au bord du lac, exposition sud-est :<\/em><\/p>\n<ul>\n<ul>\n<img loading=\"lazy\" decoding=\"async\" src=\"https:\/\/www.jehan.ch\/treehouse\/wp-content\/themes\/welcome_inn\/images\/icons\/icon_x.png\" width=\"23\" height=\"20\" alt=\"check\" \/>grande chambre \u00e0 coucher avec lit double, acc\u00e8s terrasse<br \/>\n<img loading=\"lazy\" decoding=\"async\" src=\"https:\/\/www.jehan.ch\/treehouse\/wp-content\/themes\/welcome_inn\/images\/icons\/icon_x.png\" width=\"23\" height=\"20\" alt=\"check\" \/>jacuzzi donnant sur la chambre<br \/>\n<img loading=\"lazy\" decoding=\"async\" src=\"https:\/\/www.jehan.ch\/treehouse\/wp-content\/themes\/welcome_inn\/images\/icons\/icon_x.png\" width=\"23\" height=\"20\" alt=\"check\" \/>salle de bain avec douche et WC<br \/>\n<img loading=\"lazy\" decoding=\"async\" src=\"https:\/\/www.jehan.ch\/treehouse\/wp-content\/themes\/welcome_inn\/images\/icons\/icon_x.png\" width=\"23\" height=\"20\" alt=\"check\" \/>terrasse\n<\/ul>\n<div class=\"nivo_border\" style=\"width:670px;height:350px;\">\n<div id=\"2020760167\" class=\"nivoslide\" style=\"width:670px;height:350px; visibility: hidden\"><img loading=\"lazy\" decoding=\"async\" src=\"http:\/\/www.jehan.ch\/treehouse\/wp-content\/uploads\/2012\/09\/room.png\"  height=\"350\"  width=\"670\"  alt=\"B&#038;B\"  \/><img loading=\"lazy\" decoding=\"async\" src=\"http:\/\/www.jehan.ch\/treehouse\/wp-content\/uploads\/2012\/09\/cups.png\"  height=\"350\"  width=\"670\"  alt=\"B&#038;B\"  \/><img loading=\"lazy\" decoding=\"async\" src=\"http:\/\/www.jehan.ch\/treehouse\/wp-content\/uploads\/2012\/09\/bed.png\"  height=\"350\"  width=\"670\"  alt=\"B&#038;B\"  \/><img loading=\"lazy\" decoding=\"async\" src=\"http:\/\/www.jehan.ch\/treehouse\/wp-content\/uploads\/2012\/06\/sdb1.png\"  height=\"350\"  width=\"670\"  alt=\"B&#038;B\"  \/><img loading=\"lazy\" decoding=\"async\" src=\"http:\/\/www.jehan.ch\/treehouse\/wp-content\/uploads\/2012\/05\/BnB-Terr_Snow.png\"  height=\"350\"  width=\"670\"  alt=\"B&#038;B\"  \/><\/div>\n<\/div>\n<p><br class=\"clear\"\/><script>jQuery(window).load(function() { jQuery('#2020760167').nivoSlider({ pauseTime: 3000, pauseOnHover: true, effect: 'sliceDown', controlNav: true, captionOpacity: 1, directionNavHide: false, controlNavThumbs: true, controlNavThumbsFromRel:false, afterLoad: function(){ \n\t\tjQuery('#2020760167').css('visibility', 'visible');\n\t} }); });<\/script><\/p>\n<p>&nbsp;<\/p>\n<h2>Petit-d\u00e9jeuner :<\/h2>\n<p>Servi dans votre chambre ou sur la terrasse, il est compos\u00e9 de produits bio et\/ou de la r\u00e9gion issus de l\u2019artisanat ou de notre cuisine. Nous nous ferons un plaisir de r\u00e9pondre \u00e0 vos envies.<br \/>\n&nbsp;<\/p>\n<p><img decoding=\"async\" src=\"http:\/\/www.jehan.ch\/treehouse\/wp-content\/uploads\/2012\/06\/Bateau_cote.png\" alt=\"\"  class=\"frame_right\" \/><\/p>\n<h2>A dispositions gratuitement :<\/h2>\n<ul>\n<img loading=\"lazy\" decoding=\"async\" src=\"https:\/\/www.jehan.ch\/treehouse\/wp-content\/themes\/welcome_inn\/images\/icons\/icon_x.png\" width=\"23\" height=\"20\" alt=\"check\" \/>TV\/lecteur DVD\/Blue Ray \u00a6 cha\u00eene Hi-Fi \u00a6 connexion Internet<br \/>\n<img loading=\"lazy\" decoding=\"async\" src=\"https:\/\/www.jehan.ch\/treehouse\/wp-content\/themes\/welcome_inn\/images\/icons\/icon_x.png\" width=\"23\" height=\"20\" alt=\"check\" \/>machine \u00e0 caf\u00e9 \u00a6 Th\u00e9s<br \/>\n<img loading=\"lazy\" decoding=\"async\" src=\"https:\/\/www.jehan.ch\/treehouse\/wp-content\/themes\/welcome_inn\/images\/icons\/icon_x.png\" width=\"23\" height=\"20\" alt=\"check\" \/>local pour skis\/v\u00e9los \u00a6 2 VTTs \u00a6 raquettes \u00e0 neige<br \/>\n<img loading=\"lazy\" decoding=\"async\" src=\"https:\/\/www.jehan.ch\/treehouse\/wp-content\/themes\/welcome_inn\/images\/icons\/icon_x.png\" width=\"23\" height=\"20\" alt=\"check\" \/>barque \u00e0 moteur (pas de permis requis) &#8212;&gt;<br \/>\n<img loading=\"lazy\" decoding=\"async\" src=\"https:\/\/www.jehan.ch\/treehouse\/wp-content\/themes\/welcome_inn\/images\/icons\/icon_x.png\" width=\"23\" height=\"20\" alt=\"check\" \/>possibilit\u00e9 de lave-linge et s\u00e8che-linge dans la maison<br \/>\n<img loading=\"lazy\" decoding=\"async\" src=\"https:\/\/www.jehan.ch\/treehouse\/wp-content\/themes\/welcome_inn\/images\/icons\/icon_x.png\" width=\"23\" height=\"20\" alt=\"check\" \/>place de parc<\/p>\n<p><img loading=\"lazy\" decoding=\"async\" src=\"https:\/\/www.jehan.ch\/treehouse\/wp-content\/themes\/welcome_inn\/images\/icons\/icon_x.png\" width=\"23\" height=\"20\" alt=\"check\" \/>arr\u00eat de train \u00e0 300 m<br \/>\n<img loading=\"lazy\" decoding=\"async\" src=\"https:\/\/www.jehan.ch\/treehouse\/wp-content\/themes\/welcome_inn\/images\/icons\/icon_x.png\" width=\"23\" height=\"20\" alt=\"check\" \/>restaurant \u00e0 300 m<br \/>\n<img loading=\"lazy\" decoding=\"async\" src=\"https:\/\/www.jehan.ch\/treehouse\/wp-content\/themes\/welcome_inn\/images\/icons\/icon_x.png\" width=\"23\" height=\"20\" alt=\"check\" \/>centre nautique \u00e0 1.2 km<br \/>\n<img loading=\"lazy\" decoding=\"async\" src=\"https:\/\/www.jehan.ch\/treehouse\/wp-content\/themes\/welcome_inn\/images\/icons\/icon_x.png\" width=\"23\" height=\"20\" alt=\"check\" \/>commerces, centre sportif et cin\u00e9ma \u00e0 3 km<br \/>\n<img loading=\"lazy\" decoding=\"async\" src=\"https:\/\/www.jehan.ch\/treehouse\/wp-content\/themes\/welcome_inn\/images\/icons\/icon_x.png\" width=\"23\" height=\"20\" alt=\"check\" \/>2 golfs (18 trous) \u00e0 22 km\n<\/ul>\n<p>&nbsp;<\/p>\n<h2>Tarifs (2 nuits minimum, 5 durant les vacances scolaires) :<\/h2>\n<div class=\"table_\">\n<table class=\"table-price\" width=\"100%\" border=\"0\" cellspacing=\"0\" cellpadding=\"0\">\n<thead>\n<tr>\n<td class=\"first\" width=\"150\"><em><span class=\"text-gray\">OCCUPATION<br \/>\n<\/span><\/em><\/td>\n<td width=\"140\"><span class=\"text-green\"><em>AVEC PETIT-D\u00c9JEUNER<\/em><br \/>\n<\/span><\/td>\n<td class=\"last\" width=\"140\"><em><span class=\"text-yellow\">SANS PETIT-D\u00c9JEUNER<br \/>\n<\/span><\/td>\n<\/tr>\n<\/thead>\n<tbody>\n<tr class=\"odd\">\n<td>1 personne<\/td>\n<td>170 CHF \/ nuit<\/td>\n<td>150 CHF \/ nuit<\/td>\n<\/tr>\n<tr>\n<td>2 personnes<\/td>\n<td>200 CHF \/ nuit<\/td>\n<td>170 CHF \/ nuit<\/td>\n<\/tr>\n<tr class=\"odd\">\n<td>Longue dur\u00e9e <\/td>\n<td>\u00e0 convenir<\/td>\n<td>\u00e0 convenir<\/td>\n<\/tr>\n<\/tbody>\n<\/table>\n<\/div>\n","protected":false},"excerpt":{"rendered":"<p>Occup\u00e9 pour une dur\u00e9e ind\u00e9termin\u00e9e<\/p>\n<p>Description :<br \/>\nMagnifique chambre avec Jacuzzi et salle-de-bain ouverte situ\u00e9 au rez-de-chauss\u00e9e d&rsquo;une villa d&rsquo;architecte au bord du lac, exposition sud-est :<\/p>\n<p>grande &#8230;<\/p>\n","protected":false},"author":1,"featured_media":0,"parent":0,"menu_order":0,"comment_status":"closed","ping_status":"open","template":"","meta":{"footnotes":""},"class_list":["post-99","page","type-page","status-publish","hentry"],"_links":{"self":[{"href":"https:\/\/www.jehan.ch\/treehouse\/wp-json\/wp\/v2\/pages\/99","targetHints":{"allow":["GET"]}}],"collection":[{"href":"https:\/\/www.jehan.ch\/treehouse\/wp-json\/wp\/v2\/pages"}],"about":[{"href":"https:\/\/www.jehan.ch\/treehouse\/wp-json\/wp\/v2\/types\/page"}],"author":[{"embeddable":true,"href":"https:\/\/www.jehan.ch\/treehouse\/wp-json\/wp\/v2\/users\/1"}],"replies":[{"embeddable":true,"href":"https:\/\/www.jehan.ch\/treehouse\/wp-json\/wp\/v2\/comments?post=99"}],"version-history":[{"count":55,"href":"https:\/\/www.jehan.ch\/treehouse\/wp-json\/wp\/v2\/pages\/99\/revisions"}],"predecessor-version":[{"id":457,"href":"https:\/\/www.jehan.ch\/treehouse\/wp-json\/wp\/v2\/pages\/99\/revisions\/457"}],"wp:attachment":[{"href":"https:\/\/www.jehan.ch\/treehouse\/wp-json\/wp\/v2\/media?parent=99"}],"curies":[{"name":"wp","href":"https:\/\/api.w.org\/{rel}","templated":true}]}}